{"id":2,"date":"2025-10-30T09:51:30","date_gmt":"2025-10-30T07:51:30","guid":{"rendered":"\/?page_id=2"},"modified":"2025-11-25T23:55:45","modified_gmt":"2025-11-25T22:55:45","slug":"beispiel-seite","status":"publish","type":"page","link":"https:\/\/www.thorsten-odenthal.de\/","title":{"rendered":"Herzlich willkommen&#8230;"},"content":{"rendered":"\n<p>&#8230; auf meiner kleinen feinen Webseite! <\/p>\n\n\n\n<p>Hier gibt&#8217;s ein paar Infos \u00fcber mich und meine gro\u00dfe Liebe &#8211; die Musik.<\/p>\n\n\n\n<p>Viel Spa\u00df auf meiner digitalen Visitenkarte \ud83d\ude09<\/p>\n\n\n\n<p>Thorsten Odenthal <\/p>\n","protected":false},"excerpt":{"rendered":"<p>&#8230; auf meiner kleinen feinen Webseite! Hier gibt&#8217;s ein paar Infos \u00fcber mich und meine gro\u00dfe Liebe &#8211; die Musik. Viel Spa\u00df auf meiner digitalen Visitenkarte \ud83d\ude09 Thorsten Odenthal<\/p>\n","protected":false},"author":1,"featured_media":0,"parent":0,"menu_order":1,"comment_status":"closed","ping_status":"closed","template":"","meta":{"footnotes":""},"class_list":["post-2","page","type-page","status-publish","hentry"],"_links":{"self":[{"href":"https:\/\/www.thorsten-odenthal.de\/index.php\/wp-json\/wp\/v2\/pages\/2","targetHints":{"allow":["GET"]}}],"collection":[{"href":"https:\/\/www.thorsten-odenthal.de\/index.php\/wp-json\/wp\/v2\/pages"}],"about":[{"href":"https:\/\/www.thorsten-odenthal.de\/index.php\/wp-json\/wp\/v2\/types\/page"}],"author":[{"embeddable":true,"href":"https:\/\/www.thorsten-odenthal.de\/index.php\/wp-json\/wp\/v2\/users\/1"}],"replies":[{"embeddable":true,"href":"https:\/\/www.thorsten-odenthal.de\/index.php\/wp-json\/wp\/v2\/comments?post=2"}],"version-history":[{"count":3,"href":"https:\/\/www.thorsten-odenthal.de\/index.php\/wp-json\/wp\/v2\/pages\/2\/revisions"}],"predecessor-version":[{"id":96,"href":"https:\/\/www.thorsten-odenthal.de\/index.php\/wp-json\/wp\/v2\/pages\/2\/revisions\/96"}],"wp:attachment":[{"href":"https:\/\/www.thorsten-odenthal.de\/index.php\/wp-json\/wp\/v2\/media?parent=2"}],"curies":[{"name":"wp","href":"https:\/\/api.w.org\/{rel}","templated":true}]}}